{"id":110,"date":"2017-04-12T22:07:35","date_gmt":"2017-04-12T22:07:35","guid":{"rendered":"http:\/\/restauranteobaguinho.pt\/home\/?page_id=110"},"modified":"2017-04-15T12:26:36","modified_gmt":"2017-04-15T12:26:36","slug":"pratos-do-dia","status":"publish","type":"page","link":"https:\/\/restauranteobaguinho.pt\/home\/pratos-do-dia\/","title":{"rendered":"Pratos do Dia"},"content":{"rendered":"<div id=\"pl-110\"  class=\"panel-layout\" ><div id=\"pg-110-0\"  class=\"panel-grid panel-no-style\" ><div id=\"pgc-110-0-0\"  class=\"panel-grid-cell\" ><div id=\"panel-110-0-0-0\" class=\"so-panel widget widget_sow-editor panel-first-child panel-last-child\" data-index=\"0\" ><div\n\t\t\t\n\t\t\tclass=\"so-widget-sow-editor so-widget-sow-editor-base\"\n\t\t\t\n\t\t>\n<div class=\"siteorigin-widget-tinymce textwidget\">\n\t<blockquote>\n<p><em>O Alentejo \u00e9 tamb\u00e9m conhecido pela sua gastronomia e bons vinhos, apresentamos aqui alguns dos pratos da nossa regi\u00e3o.<\/em><\/p>\n<\/blockquote>\n<\/div>\n<\/div><\/div><\/div><\/div><div id=\"pg-110-1\"  class=\"panel-grid panel-no-style\" ><div id=\"pgc-110-1-0\"  class=\"panel-grid-cell\" ><div id=\"panel-110-1-0-0\" class=\"so-panel widget widget_sow-editor panel-first-child panel-last-child\" data-index=\"1\" ><div\n\t\t\t\n\t\t\tclass=\"so-widget-sow-editor so-widget-sow-editor-base\"\n\t\t\t\n\t\t>\n<div class=\"siteorigin-widget-tinymce textwidget\">\n\tngg_shortcode_0_placeholder\n<\/div>\n<\/div><\/div><\/div><\/div><\/div>","protected":false},"excerpt":{"rendered":"<p>O Alentejo \u00e9 tamb\u00e9m conhecido pela sua gastronomia e bons vinhos, apresentamos aqui alguns dos pratos da nossa regi\u00e3o. &#8221; template=&#8221;\/home\/restauranteobagu\/public_html\/home\/wp-content\/plugins\/nextgen-gallery\/products\/photocrati_nextgen\/modules\/ngglegacy\/view\/gallery-caption.php&#8221; order_by=&#8221;sortorder&#8221; order_direction=&#8221;ASC&#8221; returns=&#8221;included&#8221; maximum_entity_count=&#8221;500&#8243;]<\/p>\n","protected":false},"author":3,"featured_media":0,"parent":0,"menu_order":0,"comment_status":"closed","ping_status":"closed","template":"","meta":{"ngg_post_thumbnail":0,"footnotes":""},"class_list":["post-110","page","type-page","status-publish"],"_links":{"self":[{"href":"https:\/\/restauranteobaguinho.pt\/home\/wp-json\/wp\/v2\/pages\/110","targetHints":{"allow":["GET"]}}],"collection":[{"href":"https:\/\/restauranteobaguinho.pt\/home\/wp-json\/wp\/v2\/pages"}],"about":[{"href":"https:\/\/restauranteobaguinho.pt\/home\/wp-json\/wp\/v2\/types\/page"}],"author":[{"embeddable":true,"href":"https:\/\/restauranteobaguinho.pt\/home\/wp-json\/wp\/v2\/users\/3"}],"replies":[{"embeddable":true,"href":"https:\/\/restauranteobaguinho.pt\/home\/wp-json\/wp\/v2\/comments?post=110"}],"version-history":[{"count":6,"href":"https:\/\/restauranteobaguinho.pt\/home\/wp-json\/wp\/v2\/pages\/110\/revisions"}],"predecessor-version":[{"id":366,"href":"https:\/\/restauranteobaguinho.pt\/home\/wp-json\/wp\/v2\/pages\/110\/revisions\/366"}],"wp:attachment":[{"href":"https:\/\/restauranteobaguinho.pt\/home\/wp-json\/wp\/v2\/media?parent=110"}],"curies":[{"name":"wp","href":"https:\/\/api.w.org\/{rel}","templated":true}]}}