{"id":44,"date":"2017-04-11T21:10:06","date_gmt":"2017-04-11T21:10:06","guid":{"rendered":"http:\/\/restauranteobaguinho.pt\/home\/?page_id=44"},"modified":"2023-03-07T15:37:07","modified_gmt":"2023-03-07T15:37:07","slug":"contactos","status":"publish","type":"page","link":"https:\/\/restauranteobaguinho.pt\/home\/contactos\/","title":{"rendered":"Contactos"},"content":{"rendered":"<div id=\"pl-44\"  class=\"panel-layout\" ><div id=\"pg-44-0\"  class=\"panel-grid panel-no-style\" ><div id=\"pgc-44-0-0\"  class=\"panel-grid-cell\" ><div id=\"panel-44-0-0-0\" class=\"so-panel widget widget_text panel-first-child panel-last-child\" data-index=\"0\" >\t\t\t<div class=\"textwidget\"><iframe src=\"https:\/\/www.google.com\/maps\/d\/embed?mid=1U6_JGuy_97mO2mpaH2Ljmnd-reA\" width=\"100%\"><\/iframe><\/div>\n\t\t<\/div><\/div><\/div><div id=\"pg-44-1\"  class=\"panel-grid panel-no-style\" ><div id=\"pgc-44-1-0\"  class=\"panel-grid-cell\" ><div id=\"panel-44-1-0-0\" class=\"so-panel widget widget_sow-contact-form panel-first-child panel-last-child\" data-index=\"1\" ><div\n\t\t\t\n\t\t\tclass=\"so-widget-sow-contact-form so-widget-sow-contact-form-default-c4b0588815cb-44\"\n\t\t\t\n\t\t>\t<form\n\t\taction=\"\/home\/wp-json\/wp\/v2\/pages\/44\"\n\t\tmethod=\"POST\"\n\t\tclass=\"sow-contact-form\"\n\t\tid=\"contact-form-a610\"\n\t>\n\n\t\t\n\t\t\t\t\t<div class=\"sow-form-field sow-form-field-name\">\n\t\t\t\t\t\t\t\t<div class=\"sow-field-container\">\n\t\t\t\t\t\t\t<input\n\t\t\ttype=\"text\"\n\t\t\tname=\"nome-1\"\n\t\t\tid=\"sow-contact-form-field-nome-1\"\n\t\t\tvalue=\"\"\n\t\t\tclass=\"sow-text-field\"\n\t\t\tplaceholder=\"Nome\"\t\t\t\t\t\/>\n\t\t\t\t\t\t<\/div>\n\t\t\t\t\t\t\t<\/div>\n\t\t\t\t\t\t<div class=\"sow-form-field sow-form-field-email\">\n\t\t\t\t\t\t\t\t<div class=\"sow-field-container\">\n\t\t\t\t\t\t\t<input\n\t\t\ttype=\"email\"\n\t\t\tname=\"email-1\"\n\t\t\tid=\"sow-contact-form-field-email-1\"\n\t\t\tvalue=\"\"\n\t\t\tclass=\"sow-text-field\"placeholder=\"Email\"\t\t\t\t\t\t\t\t\/>\n\t\t\t\t\t\t<\/div>\n\t\t\t\t\t\t\t<\/div>\n\t\t\t\t\t\t<div class=\"sow-form-field sow-form-field-subject\">\n\t\t\t\t\t\t\t\t<div class=\"sow-field-container\">\n\t\t\t\t\t\t\t<input\n\t\t\ttype=\"text\"\n\t\t\tname=\"assunto-1\"\n\t\t\tid=\"sow-contact-form-field-assunto-1\"\n\t\t\tvalue=\"\"\n\t\t\tclass=\"sow-text-field\"\n\t\t\tplaceholder=\"Assunto\"\t\t\t\t\t\/>\n\t\t\t\t\t\t<\/div>\n\t\t\t\t\t\t\t<\/div>\n\t\t\t\t\t\t<div class=\"sow-form-field sow-form-field-textarea\">\n\t\t\t\t\t\t\t\t<div class=\"sow-field-container\">\n\t\t\t\t\t\t\t<textarea\n\t\t\tname=\"mensagem-1\"\n\t\t\tid=\"sow-contact-form-field-mensagem-1\"\n\t\t\trows=\"10\"\n\t\t\tplaceholder=\"Mensagem\"\t\t\t\t\t><\/textarea>\n\t\t\t\t\t\t<\/div>\n\t\t\t\t\t\t\t<\/div>\n\t\t\t\n\t\t\n\t\t<div class=\"sow-submit-wrapper \n\t\tsow-submit-styled\t\t\">\n\n\t\t\t<button\n\t\t\t\ttype=\"submit\"\n\t\t\t\tclass=\"sow-submit\n\t\t\t\t\t\t\t\t\"\n\t\t\t\t\t\t\t>\n\t\t\t\tEnviar\t\t\t<\/button>\n\t\t<\/div>\n\t\t\t\t<input\n\t\t\ttype=\"hidden\"\n\t\t\tname=\"instance_hash-1\"\n\t\t\tvalue=\"a6104567\"\n\t\t\/>\n\n\t\t<input type=\"hidden\" id=\"_wpnonce\" name=\"_wpnonce\" value=\"7847682dcd\" \/><input type=\"hidden\" name=\"_wp_http_referer\" value=\"\/home\/wp-json\/wp\/v2\/pages\/44\" \/>\t<\/form>\n\t<\/div><\/div><\/div><div id=\"pgc-44-1-1\"  class=\"panel-grid-cell\" ><div id=\"panel-44-1-1-0\" class=\"so-panel widget widget_black-studio-tinymce widget_black_studio_tinymce panel-first-child panel-last-child\" data-index=\"2\" ><div class=\"textwidget\"><p><strong>RESTAURANTE<\/strong><br \/>\nAv. General Humberto Delgado n\u00ba58<br \/>\n7900-555 Ferreira do Alentejo<br \/>\nPortugal<\/p>\n<p>&nbsp;<\/p>\n<p>Telf: (+351) 284&nbsp;085 699<br \/>\nTlm: 968 860 699<\/p>\n<p>&nbsp;<\/p>\n<p><a href=\"mailto:geral@restauranteobaguinho.pt\">geral@restauranteobaguinho.pt<\/a><br \/>\n<a href=\"http:\/\/www.restauranteobaguinho.pt\/\">www.restauranteobaguinho.pt<\/a><\/p>\n<p>&nbsp;<\/p>\n<p><strong>GPS<\/strong><\/p>\n<p>Latitude 38\u00b0 3' 40.573\" N<br \/>\nLongitude&nbsp;8\u00b0 6' 59.93\" W<\/p>\n<p>&nbsp;<\/p>\n<p><strong>HOR\u00c1RIO<\/strong><\/p>\n<p>Segunda a Sexta:<\/p>\n<p>Das 12h00 \u00e0s 15h00 e das 19h00 \u00e0s 22h00<\/p>\n<p>S\u00e1bado:<\/p>\n<p>Das 12h00 \u00e0s 15h00<\/p>\n<p>Encerra ao Domingo<\/p>\n<p>&nbsp;<\/p>\n<p><strong>MEIOS DE PAGAMENTO<\/strong><\/p>\n<p>Dinheiro, multibanco ou mastercard<\/p>\n<\/div><\/div><\/div><\/div><\/div>","protected":false},"excerpt":{"rendered":"<p>RESTAURANTE Av. General Humberto Delgado n\u00ba58 7900-555 Ferreira do Alentejo Portugal &nbsp; Telf: (+351) 284&nbsp;085 699 Tlm: 968 860 699 &nbsp; geral@restauranteobaguinho.pt www.restauranteobaguinho.pt &nbsp; GPS Latitude 38\u00b0 3&#8242; 40.573&#8243; N Longitude&nbsp;8\u00b0 6&#8242; 59.93&#8243; W &nbsp; HOR\u00c1RIO Segunda a Sexta: Das 12h00 \u00e0s 15h00 e das 19h00 \u00e0s 22h00 S\u00e1bado: Das 12h00 \u00e0s 15h00 Encerra ao &#8230; <a title=\"Contactos\" class=\"read-more\" href=\"https:\/\/restauranteobaguinho.pt\/home\/contactos\/\">Ler mais<\/a><\/p>\n","protected":false},"author":3,"featured_media":0,"parent":0,"menu_order":0,"comment_status":"closed","ping_status":"closed","template":"","meta":{"ngg_post_thumbnail":0,"footnotes":""},"class_list":["post-44","page","type-page","status-publish"],"_links":{"self":[{"href":"https:\/\/restauranteobaguinho.pt\/home\/wp-json\/wp\/v2\/pages\/44","targetHints":{"allow":["GET"]}}],"collection":[{"href":"https:\/\/restauranteobaguinho.pt\/home\/wp-json\/wp\/v2\/pages"}],"about":[{"href":"https:\/\/restauranteobaguinho.pt\/home\/wp-json\/wp\/v2\/types\/page"}],"author":[{"embeddable":true,"href":"https:\/\/restauranteobaguinho.pt\/home\/wp-json\/wp\/v2\/users\/3"}],"replies":[{"embeddable":true,"href":"https:\/\/restauranteobaguinho.pt\/home\/wp-json\/wp\/v2\/comments?post=44"}],"version-history":[{"count":37,"href":"https:\/\/restauranteobaguinho.pt\/home\/wp-json\/wp\/v2\/pages\/44\/revisions"}],"predecessor-version":[{"id":403,"href":"https:\/\/restauranteobaguinho.pt\/home\/wp-json\/wp\/v2\/pages\/44\/revisions\/403"}],"wp:attachment":[{"href":"https:\/\/restauranteobaguinho.pt\/home\/wp-json\/wp\/v2\/media?parent=44"}],"curies":[{"name":"wp","href":"https:\/\/api.w.org\/{rel}","templated":true}]}}